{"id":8495,"date":"2025-04-18T09:47:58","date_gmt":"2025-04-18T09:47:58","guid":{"rendered":"https:\/\/asezwao.org\/plastic-free\/"},"modified":"2025-12-09T02:20:19","modified_gmt":"2025-12-09T02:20:19","slug":"plastic-free","status":"publish","type":"page","link":"https:\/\/asezwao.org\/es\/plastic-free\/","title":{"rendered":"Campa\u00f1a Cero Pl\u00e1stico 2040"},"content":{"rendered":"","protected":false},"excerpt":{"rendered":"","protected":false},"author":19,"featured_media":8496,"parent":0,"menu_order":0,"comment_status":"closed","ping_status":"closed","template":"","meta":{"_monsterinsights_skip_tracking":false,"_monsterinsights_sitenote_active":false,"_monsterinsights_sitenote_note":"","_monsterinsights_sitenote_category":0,"footnotes":""},"class_list":["post-8495","page","type-page","status-publish","has-post-thumbnail","hentry"],"yoast_head":"<!-- This site is optimized with the Yoast SEO plugin v23.1 - https:\/\/yoast.com\/wordpress\/plugins\/seo\/ -->\n<title>Campa\u00f1a Cero Pl\u00e1stico 2040 - ASEZ WAO<\/title>\n<meta name=\"description\" content=\"ASEZ WAO est\u00e1 llevando a cabo una campa\u00f1a libre de pl\u00e1stico con el objetivo de eliminar la contaminaci\u00f3n por pl\u00e1sticos para el a\u00f1o 2040. \u00a1Reduzcamos juntos el pl\u00e1stico y construyamos un futuro sostenible!\" \/>\n<meta name=\"robots\" content=\"index, follow, max-snippet:-1, max-image-preview:large, max-video-preview:-1\" \/>\n<link rel=\"canonical\" href=\"https:\/\/asezwao.org\/es\/plastic-free\/\" \/>\n<meta property=\"og:locale\" content=\"es_ES\" \/>\n<meta property=\"og:type\" content=\"article\" \/>\n<meta property=\"og:title\" content=\"Campa\u00f1a Cero Pl\u00e1stico 2040 - ASEZ WAO\" \/>\n<meta property=\"og:description\" content=\"ASEZ WAO est\u00e1 llevando a cabo una campa\u00f1a libre de pl\u00e1stico con el objetivo de eliminar la contaminaci\u00f3n por pl\u00e1sticos para el a\u00f1o 2040. \u00a1Reduzcamos juntos el pl\u00e1stico y construyamos un futuro sostenible!\" \/>\n<meta property=\"og:url\" content=\"https:\/\/asezwao.org\/es\/plastic-free\/\" \/>\n<meta property=\"og:site_name\" content=\"ASEZ WAO\" \/>\n<meta property=\"article:modified_time\" content=\"2025-12-09T02:20:19+00:00\" \/>\n<meta property=\"og:image\" content=\"https:\/\/asezwao.org\/wp-content\/uploads\/2025\/04\/thum_plastic_free.jpg\" \/>\n\t<meta property=\"og:image:width\" content=\"1200\" \/>\n\t<meta property=\"og:image:height\" content=\"753\" \/>\n\t<meta property=\"og:image:type\" content=\"image\/jpeg\" \/>\n<meta name=\"twitter:card\" content=\"summary_large_image\" \/>\n<meta name=\"twitter:label1\" content=\"Tiempo de lectura\" \/>\n\t<meta name=\"twitter:data1\" content=\"1 minuto\" \/>\n<script type=\"application\/ld+json\" class=\"yoast-schema-graph\">{\"@context\":\"https:\/\/schema.org\",\"@graph\":[{\"@type\":\"WebPage\",\"@id\":\"https:\/\/asezwao.org\/es\/plastic-free\/\",\"url\":\"https:\/\/asezwao.org\/es\/plastic-free\/\",\"name\":\"Campa\u00f1a Cero Pl\u00e1stico 2040 - ASEZ WAO\",\"isPartOf\":{\"@id\":\"https:\/\/asezwao.org\/es\/#website\"},\"primaryImageOfPage\":{\"@id\":\"https:\/\/asezwao.org\/es\/plastic-free\/#primaryimage\"},\"image\":{\"@id\":\"https:\/\/asezwao.org\/es\/plastic-free\/#primaryimage\"},\"thumbnailUrl\":\"https:\/\/asezwao.org\/wp-content\/uploads\/2025\/04\/thum_plastic_free.jpg\",\"datePublished\":\"2025-04-18T09:47:58+00:00\",\"dateModified\":\"2025-12-09T02:20:19+00:00\",\"description\":\"ASEZ WAO est\u00e1 llevando a cabo una campa\u00f1a libre de pl\u00e1stico con el objetivo de eliminar la contaminaci\u00f3n por pl\u00e1sticos para el a\u00f1o 2040. \u00a1Reduzcamos juntos el pl\u00e1stico y construyamos un futuro sostenible!\",\"breadcrumb\":{\"@id\":\"https:\/\/asezwao.org\/es\/plastic-free\/#breadcrumb\"},\"inLanguage\":\"es\",\"potentialAction\":[{\"@type\":\"ReadAction\",\"target\":[\"https:\/\/asezwao.org\/es\/plastic-free\/\"]}]},{\"@type\":\"ImageObject\",\"inLanguage\":\"es\",\"@id\":\"https:\/\/asezwao.org\/es\/plastic-free\/#primaryimage\",\"url\":\"https:\/\/asezwao.org\/wp-content\/uploads\/2025\/04\/thum_plastic_free.jpg\",\"contentUrl\":\"https:\/\/asezwao.org\/wp-content\/uploads\/2025\/04\/thum_plastic_free.jpg\",\"width\":1200,\"height\":753},{\"@type\":\"BreadcrumbList\",\"@id\":\"https:\/\/asezwao.org\/es\/plastic-free\/#breadcrumb\",\"itemListElement\":[{\"@type\":\"ListItem\",\"position\":1,\"name\":\"Home\",\"item\":\"https:\/\/asezwao.org\/es\/\"},{\"@type\":\"ListItem\",\"position\":2,\"name\":\"Campa\u00f1a Cero Pl\u00e1stico 2040\"}]},{\"@type\":\"WebSite\",\"@id\":\"https:\/\/asezwao.org\/es\/#website\",\"url\":\"https:\/\/asezwao.org\/es\/\",\"name\":\"ASEZ WAO\",\"description\":\"Grupo de J\u00f3venes Trabajadores Voluntarios de la Iglesia de Dios\",\"potentialAction\":[{\"@type\":\"SearchAction\",\"target\":{\"@type\":\"EntryPoint\",\"urlTemplate\":\"https:\/\/asezwao.org\/es\/?s={search_term_string}\"},\"query-input\":\"required name=search_term_string\"}],\"inLanguage\":\"es\"}]}<\/script>\n<!-- \/ Yoast SEO plugin. -->","yoast_head_json":{"title":"Campa\u00f1a Cero Pl\u00e1stico 2040 - ASEZ WAO","description":"ASEZ WAO est\u00e1 llevando a cabo una campa\u00f1a libre de pl\u00e1stico con el objetivo de eliminar la contaminaci\u00f3n por pl\u00e1sticos para el a\u00f1o 2040. \u00a1Reduzcamos juntos el pl\u00e1stico y construyamos un futuro sostenible!","robots":{"index":"index","follow":"follow","max-snippet":"max-snippet:-1","max-image-preview":"max-image-preview:large","max-video-preview":"max-video-preview:-1"},"canonical":"https:\/\/asezwao.org\/es\/plastic-free\/","og_locale":"es_ES","og_type":"article","og_title":"Campa\u00f1a Cero Pl\u00e1stico 2040 - ASEZ WAO","og_description":"ASEZ WAO est\u00e1 llevando a cabo una campa\u00f1a libre de pl\u00e1stico con el objetivo de eliminar la contaminaci\u00f3n por pl\u00e1sticos para el a\u00f1o 2040. \u00a1Reduzcamos juntos el pl\u00e1stico y construyamos un futuro sostenible!","og_url":"https:\/\/asezwao.org\/es\/plastic-free\/","og_site_name":"ASEZ WAO","article_modified_time":"2025-12-09T02:20:19+00:00","og_image":[{"width":1200,"height":753,"url":"https:\/\/asezwao.org\/wp-content\/uploads\/2025\/04\/thum_plastic_free.jpg","type":"image\/jpeg"}],"twitter_card":"summary_large_image","twitter_misc":{"Tiempo de lectura":"1 minuto"},"schema":{"@context":"https:\/\/schema.org","@graph":[{"@type":"WebPage","@id":"https:\/\/asezwao.org\/es\/plastic-free\/","url":"https:\/\/asezwao.org\/es\/plastic-free\/","name":"Campa\u00f1a Cero Pl\u00e1stico 2040 - ASEZ WAO","isPartOf":{"@id":"https:\/\/asezwao.org\/es\/#website"},"primaryImageOfPage":{"@id":"https:\/\/asezwao.org\/es\/plastic-free\/#primaryimage"},"image":{"@id":"https:\/\/asezwao.org\/es\/plastic-free\/#primaryimage"},"thumbnailUrl":"https:\/\/asezwao.org\/wp-content\/uploads\/2025\/04\/thum_plastic_free.jpg","datePublished":"2025-04-18T09:47:58+00:00","dateModified":"2025-12-09T02:20:19+00:00","description":"ASEZ WAO est\u00e1 llevando a cabo una campa\u00f1a libre de pl\u00e1stico con el objetivo de eliminar la contaminaci\u00f3n por pl\u00e1sticos para el a\u00f1o 2040. \u00a1Reduzcamos juntos el pl\u00e1stico y construyamos un futuro sostenible!","breadcrumb":{"@id":"https:\/\/asezwao.org\/es\/plastic-free\/#breadcrumb"},"inLanguage":"es","potentialAction":[{"@type":"ReadAction","target":["https:\/\/asezwao.org\/es\/plastic-free\/"]}]},{"@type":"ImageObject","inLanguage":"es","@id":"https:\/\/asezwao.org\/es\/plastic-free\/#primaryimage","url":"https:\/\/asezwao.org\/wp-content\/uploads\/2025\/04\/thum_plastic_free.jpg","contentUrl":"https:\/\/asezwao.org\/wp-content\/uploads\/2025\/04\/thum_plastic_free.jpg","width":1200,"height":753},{"@type":"BreadcrumbList","@id":"https:\/\/asezwao.org\/es\/plastic-free\/#breadcrumb","itemListElement":[{"@type":"ListItem","position":1,"name":"Home","item":"https:\/\/asezwao.org\/es\/"},{"@type":"ListItem","position":2,"name":"Campa\u00f1a Cero Pl\u00e1stico 2040"}]},{"@type":"WebSite","@id":"https:\/\/asezwao.org\/es\/#website","url":"https:\/\/asezwao.org\/es\/","name":"ASEZ WAO","description":"Grupo de J\u00f3venes Trabajadores Voluntarios de la Iglesia de Dios","potentialAction":[{"@type":"SearchAction","target":{"@type":"EntryPoint","urlTemplate":"https:\/\/asezwao.org\/es\/?s={search_term_string}"},"query-input":"required name=search_term_string"}],"inLanguage":"es"}]}},"_links":{"self":[{"href":"https:\/\/asezwao.org\/es\/wp-json\/wp\/v2\/pages\/8495"}],"collection":[{"href":"https:\/\/asezwao.org\/es\/wp-json\/wp\/v2\/pages"}],"about":[{"href":"https:\/\/asezwao.org\/es\/wp-json\/wp\/v2\/types\/page"}],"author":[{"embeddable":true,"href":"https:\/\/asezwao.org\/es\/wp-json\/wp\/v2\/users\/19"}],"replies":[{"embeddable":true,"href":"https:\/\/asezwao.org\/es\/wp-json\/wp\/v2\/comments?post=8495"}],"version-history":[{"count":1,"href":"https:\/\/asezwao.org\/es\/wp-json\/wp\/v2\/pages\/8495\/revisions"}],"predecessor-version":[{"id":8497,"href":"https:\/\/asezwao.org\/es\/wp-json\/wp\/v2\/pages\/8495\/revisions\/8497"}],"wp:featuredmedia":[{"embeddable":true,"href":"https:\/\/asezwao.org\/es\/wp-json\/wp\/v2\/media\/8496"}],"wp:attachment":[{"href":"https:\/\/asezwao.org\/es\/wp-json\/wp\/v2\/media?parent=8495"}],"curies":[{"name":"wp","href":"https:\/\/api.w.org\/{rel}","templated":true}]}}